{"id":3,"date":"2025-12-16T13:29:56","date_gmt":"2025-12-16T12:29:56","guid":{"rendered":"https:\/\/jedlinskipackaging.pl\/?page_id=3"},"modified":"2026-03-15T19:53:51","modified_gmt":"2026-03-15T18:53:51","slug":"datenschutz","status":"publish","type":"page","link":"https:\/\/jedlinskipackaging.pl\/de\/polityka-prywatnosci\/","title":{"rendered":"Datenschutzerkl\u00e4rung"},"content":{"rendered":"<div data-elementor-type=\"wp-page\" data-elementor-id=\"3\" class=\"elementor elementor-3\" data-elementor-post-type=\"page\">\n\t\t\t\t<div data-particle_enable=\"false\" data-particle-mobile-disabled=\"false\" class=\"elementor-element elementor-element-8b33a2e e-flex e-con-boxed e-con e-child\" data-id=\"8b33a2e\" data-element_type=\"container\" data-e-type=\"container\" data-settings=\"{&quot;background_background&quot;:&quot;gradient&quot;}\">\n\t\t\t\t\t<div class=\"e-con-inner\">\n\t\t\t\t<div class=\"elementor-element elementor-element-84bee40 elementor-widget elementor-widget-heading\" data-id=\"84bee40\" data-element_type=\"widget\" data-e-type=\"widget\" data-widget_type=\"heading.default\">\n\t\t\t\t\t<h2 class=\"elementor-heading-title elementor-size-default\">Datenschutzerkl\u00e4rung<\/h2>\t\t\t\t<\/div>\n\t\t\t\t<div class=\"elementor-element elementor-element-a0f0285 elementor-widget elementor-widget-eael-breadcrumbs\" data-id=\"a0f0285\" data-element_type=\"widget\" data-e-type=\"widget\" data-widget_type=\"eael-breadcrumbs.default\">\n\t\t\t\t<div class=\"elementor-widget-container\">\n\t\t\t\t\t\t\t<div class=\"eael-breadcrumbs\">\n\t\t\t<div class=\"eael-breadcrumbs__content\"><a href=\"https:\/\/jedlinskipackaging.pl\/de\">Home<\/a> <span class=\"eael-breadcrumb-separator\">\/\/<\/span> <span class = \"eael-current\">Seite<\/span><\/div>\t\t<\/div>\n\t\t\t\t\t\t<\/div>\n\t\t\t\t<\/div>\n\t\t\t\t\t<\/div>\n\t\t\t\t<\/div>\n\t\t<div data-particle_enable=\"false\" data-particle-mobile-disabled=\"false\" class=\"elementor-element elementor-element-8846df1 e-flex e-con-boxed e-con e-parent\" data-id=\"8846df1\" data-element_type=\"container\" data-e-type=\"container\">\n\t\t\t\t\t<div class=\"e-con-inner\">\n\t\t\t\t<div class=\"elementor-element elementor-element-01ab9ae elementor-widget elementor-widget-heading\" data-id=\"01ab9ae\" data-element_type=\"widget\" data-e-type=\"widget\" data-widget_type=\"heading.default\">\n\t\t\t\t\t<h2 class=\"elementor-heading-title elementor-size-default translation-block\">Diese Datenschutzerkl\u00e4rung legt die Grunds\u00e4tze f\u00fcr die Erhebung, Verarbeitung \n<span style=\"color:#2B61EB\">und Nutzung personenbezogener Daten fest, die vom Verantwortlichen \u00fcber den Dienst erhoben werden.<\/span><\/h2>\t\t\t\t<\/div>\n\t\t\t\t<div class=\"elementor-element elementor-element-0c62cb2 elementor-widget elementor-widget-text-editor\" data-id=\"0c62cb2\" data-element_type=\"widget\" data-e-type=\"widget\" data-widget_type=\"text-editor.default\">\n\t\t\t\t\t\t\t\t\t<p style=\"text-align: center;\"><strong>\u00a7 Definitionen<\/strong><\/p><p class=\"translation-block\"><strong>Website<\/strong> \u2013 eine Webseite verf\u00fcgbar unter: <strong>www.jedlinskipackaging.pl<\/strong>;<\/p><p class=\"translation-block\"><strong>Nutzer<\/strong> \u2013 eine Person, die die Website besucht;<\/p><p class=\"translation-block\"><strong>Verantwortlicher<\/strong> \u2013 Jedli\u0144ski sp. z o.o.; Wodna 3, 05-090 Raszyn; NIP: 527 287 49 68, nachfolgend bezeichnet als der \u201e<strong>Verantwortliche<\/strong>\"<\/p><p style=\"text-align: center;\"><strong>\u00a7 Datenerhebung<\/strong><\/p><p>Der Verantwortliche erhebt personenbezogene Daten direkt von Nutzern, wenn:<\/p><ul><li>sie die Website besuchen;<\/li><li>sie \u00fcber Social-Media-Kan\u00e4le mit dem Verantwortlichen interagieren,<\/li><li>sie den Verantwortlichen per E-Mail, Telefon, Kontaktformular auf der Website oder \u00fcber andere derzeit verf\u00fcgbare Kommunikationskan\u00e4le kontaktieren.<\/li><\/ul><p style=\"text-align: center;\"><strong>\u00a7 Zwecke der Verarbeitung<\/strong><\/p><p>Personenbezogene Daten werden vom Verantwortlichen zu folgenden Zwecken verarbeitet:<\/p><ul><li>den Nutzern die auf der Website verf\u00fcgbaren Inhalte bereitzustellen,<\/li><li>die Verbindungssicherheit zu gew\u00e4hrleisten und die Leistung der Website zu optimieren.<\/li><\/ul><p style=\"text-align: center;\"><strong>\u00a7 Datenweitergabe<\/strong><\/p><p>Der Verantwortliche kann personenbezogene Daten der Website-Nutzer an externe Stellen weitergeben, wenn dies f\u00fcr den Betrieb der Website erforderlich ist, z. B. an Anbieter, die f\u00fcr die Wartung von IT-Systemen und Ger\u00e4ten zust\u00e4ndig sind, sowie an Stellen, die Buchhaltungsdienstleistungen erbringen. Der Verantwortliche kann ausgew\u00e4hlte Informationen \u00fcber Nutzer an zust\u00e4ndige Beh\u00f6rden oder Dritte weitergeben, die eine Anfrage zur \u00dcbermittlung solcher Informationen stellen, auf der Grundlage einer geeigneten Rechtsgrundlage und in \u00dcbereinstimmung mit den geltenden Rechtsvorschriften (z. B. die Polizei).<\/p><p>Die Daten des Nutzers werden standardm\u00e4\u00dfig nicht au\u00dferhalb des Europ\u00e4ischen Wirtschaftsraums \u00fcbermittelt und auch nicht an internationale Organisationen weitergegeben. Im Falle der \u00dcbermittlung von Daten an Empf\u00e4nger in Drittl\u00e4ndern wird der Verantwortliche die von der Europ\u00e4ischen Kommission verabschiedeten Standardvertragsklauseln verwenden, in denen grundlegende Garantien f\u00fcr die Sicherheit der Nutzerdaten festgelegt sind.<\/p><p style=\"text-align: center;\"><strong>\u00a7 Datenverarbeitung und -speicherung<\/strong><\/p><p>Der Verantwortliche verarbeitet personenbezogene Daten gem\u00e4\u00df:<\/p><ul><li>der Verordnung (EU) 2016\/679 des Europ\u00e4ischen Parlaments und des Rates vom 27. April 2016 zum Schutz nat\u00fcrlicher Personen bei der Verarbeitung personenbezogener Daten, zum freien Datenverkehr und zur Aufhebung der Richtlinie 95\/46\/EG (nachfolgend: DSGVO);<\/li><li>dem Gesetz vom 10. Mai 2018 \u00fcber den Schutz personenbezogener Daten (Gesetzblatt 2018, Pos. 1000);<\/li><li>der Datenschutzrichtlinie und den internen Datenschutzverfahren des Verantwortlichen. Der Verantwortliche f\u00fchrt keine Ma\u00dfnahmen durch, die ausschlie\u00dflich auf automatisierter Verarbeitung, einschlie\u00dflich Profiling, beruhen und gegen\u00fcber den betroffenen Personen Rechtswirkungen entfalten. Der Verantwortliche speichert personenbezogene Daten des Nutzers nur so lange, wie es zur Erreichung der in dieser Datenschutzrichtlinie festgelegten Zwecke erforderlich ist.<\/li><\/ul><p style=\"text-align: center;\"><strong>\u00a7 Rechte der Nutzer<\/strong><\/p><p>Ka\u017cdemu U\u017cytkownikowi w stosunku do jego danych osobowych przys\u0142uguje szereg praw:<\/p><ul><li>das Recht, Informationen \u00fcber die vom Verantwortlichen verarbeiteten personenbezogenen Daten, einschlie\u00dflich einer Kopie dieser Daten, zu erhalten;<\/li><li>das Recht, die Berichtigung personenbezogener Daten zu verlangen;<\/li><li>das Recht auf L\u00f6schung von Daten in den gesetzlich vorgesehenen F\u00e4llen;<\/li><li>das Recht auf Einschr\u00e4nkung der Verarbeitung personenbezogener Daten oder auf Widerspruch gegen deren Verwendung in den gesetzlich vorgesehenen F\u00e4llen;<\/li><li>das Recht auf Daten\u00fcbertragbarkeit im Rahmen der M\u00f6glichkeiten der Daten\u00fcbertragbarkeit;<\/li><li>das Recht, eine Beschwerde bei der Aufsichtsbeh\u00f6rde einzulegen, die der Pr\u00e4sident des Amtes f\u00fcr den Schutz personenbezogener Daten ist.<\/li><\/ul><p class=\"translation-block\">Wenn ein Nutzer eines der oben genannten Rechte aus\u00fcben oder weitere Informationen zu diesem Thema erhalten m\u00f6chte, kann er sich an folgende Adresse wenden: <strong>info@jedlinskipackaging.pl<\/strong><\/p><p style=\"text-align: center;\"><strong>\u00a7 Cookies<\/strong><\/p><p>Cookies sind IT-Daten, insbesondere Textdateien, die auf dem Ger\u00e4t des Website-Nutzers gespeichert werden. Cookies enthalten in der Regel den Namen der Website, von der sie stammen, die Dauer ihrer Speicherung auf dem Ger\u00e4t sowie eine eindeutige Nummer.<\/p><p>Cookies werden verwendet, um das Verhalten der Nutzer auf der Website zu beobachten, wodurch die Navigation auf der Website vereinfacht werden kann. Sie dienen auch dazu, die Pr\u00e4ferenzen der Nutzer zu speichern, was bei der Anzeige entsprechend angepasster redaktioneller Inhalte genutzt werden kann. Diese Daten werden allgemein zu folgenden Zwecken verwendet:<\/p><ul><li>des ordnungsgem\u00e4\u00dfen Betriebs, der Konfiguration, der Sicherheit und der Zuverl\u00e4ssigkeit der Website,<\/li><li>der \u00dcberwachung des Sitzungsstatus,<\/li><li>der Anpassung der angezeigten Informationen an die Pr\u00e4ferenzen des Nutzers,<\/li><li>der Analyse, Statistik, Forschung und Pr\u00fcfung von Website-Aufrufen.<\/li><\/ul><p>Die Website erhebt keine Informationen automatisch, mit Ausnahme der in Cookies enthaltenen Informationen. Die Website verwendet Dateien, die f\u00fcr die Aufrechterhaltung der Verbindungssicherheit und die Optimierung der Website-Leistung erforderlich sind. Sie enthalten keine personenbezogenen Daten, daher werden keine Cookies verwendet, die die Identifizierung einer bestimmten Person erm\u00f6glichen w\u00fcrden.<\/p><p>Die Stelle, die Cookies \u00fcber die Website an das Ger\u00e4t des Nutzers sendet und auf diese Dateien zugreift, ist der Verantwortliche.<\/p><p>Durch die Nutzung dieser Website stimmt der Nutzer der Speicherung von Cookies auf seinem Ger\u00e4t zu den in dieser Richtlinie festgelegten Zwecken zu.<\/p><p>Der Website-Nutzer kann die Cookie-Einstellungen jederzeit \u00e4ndern, wenn er mit deren Verwendung nicht einverstanden ist. Zu diesem Zweck sollten die Browser-Einstellungen so ge\u00e4ndert werden, dass die automatische Verarbeitung von Cookies blockiert wird oder dass \u00fcber jede Speicherung von Cookies auf dem Ger\u00e4t des Nutzers informiert wird. Detaillierte Informationen zu den M\u00f6glichkeiten und Methoden der Cookie-Verwaltung sind in den Einstellungen des Webbrowsers verf\u00fcgbar.<\/p><p style=\"text-align: center;\"><strong>\u00a7 \u00c4nderungen der Datenschutzrichtlinie<\/strong><\/p><p>Um sicherzustellen, dass die Datenschutzrichtlinie der Website den aktuellen gesetzlichen Anforderungen entspricht, beh\u00e4lt sich der Verantwortliche das Recht vor, diese jederzeit zu \u00e4ndern. Dies gilt auch in F\u00e4llen, in denen die Datenschutzrichtlinie ge\u00e4ndert werden muss, um neue oder ge\u00e4nderte Produkte oder Dienstleistungen der Website abzudecken. In Angelegenheiten, die durch diese Datenschutzrichtlinie nicht geregelt sind, gelten die einschl\u00e4gigen Rechtsvorschriften entsprechend.<\/p>\t\t\t\t\t\t\t\t<\/div>\n\t\t\t\t\t<\/div>\n\t\t\t\t<\/div>\n\t\t\t\t<\/div>","protected":false},"excerpt":{"rendered":"<p>Home \/\/ Strona Niniejsza Polityka prywatno\u015bci okre\u015bla zasady gromadzenia, przetwarzania i wykorzystywania danych osobowych uzyskanych przez Administratora za po\u015brednictwem Serwisu. \u00a7 Definicje Serwis\u00a0\u2013 strona internetowa dost\u0119pna pod adresem:\u00a0www.jedlinskipackaging.pl; U\u017cytkownik\u00a0\u2013 osoba odwiedzaj\u0105ca Serwis; Administrator danych \u2013 Jedli\u0144ski sp. z o.o.; Wodna 3, 05-090 Raszyn; NIP: 527 287 49 68, zwany dalej \u201cAdministratorem\u201d \u00a7 Pozyskiwanie danych Administrator [&hellip;]<\/p>\n","protected":false},"author":1,"featured_media":0,"parent":0,"menu_order":0,"comment_status":"closed","ping_status":"open","template":"","meta":{"_acf_changed":false,"footnotes":""},"class_list":["post-3","page","type-page","status-publish","hentry"],"acf":[],"_links":{"self":[{"href":"https:\/\/jedlinskipackaging.pl\/de\/wp-json\/wp\/v2\/pages\/3","targetHints":{"allow":["GET"]}}],"collection":[{"href":"https:\/\/jedlinskipackaging.pl\/de\/wp-json\/wp\/v2\/pages"}],"about":[{"href":"https:\/\/jedlinskipackaging.pl\/de\/wp-json\/wp\/v2\/types\/page"}],"author":[{"embeddable":true,"href":"https:\/\/jedlinskipackaging.pl\/de\/wp-json\/wp\/v2\/users\/1"}],"replies":[{"embeddable":true,"href":"https:\/\/jedlinskipackaging.pl\/de\/wp-json\/wp\/v2\/comments?post=3"}],"version-history":[{"count":19,"href":"https:\/\/jedlinskipackaging.pl\/de\/wp-json\/wp\/v2\/pages\/3\/revisions"}],"predecessor-version":[{"id":1844,"href":"https:\/\/jedlinskipackaging.pl\/de\/wp-json\/wp\/v2\/pages\/3\/revisions\/1844"}],"wp:attachment":[{"href":"https:\/\/jedlinskipackaging.pl\/de\/wp-json\/wp\/v2\/media?parent=3"}],"curies":[{"name":"wp","href":"https:\/\/api.w.org\/{rel}","templated":true}]}}